{"id":103,"date":"2019-07-05T09:27:36","date_gmt":"2019-07-05T13:27:36","guid":{"rendered":"https:\/\/mciprojets.com\/fr\/?page_id=103"},"modified":"2020-07-09T10:46:51","modified_gmt":"2020-07-09T14:46:51","slug":"gestion-du-changement","status":"publish","type":"page","link":"https:\/\/mciprojets.com\/fr\/gestion-du-changement\/","title":{"rendered":"Gestion du changement"},"content":{"rendered":"<p><a href=\"https:\/\/mciprojets.com\/fr\/nos-services\/\">Nos services<\/a>\u00a0| <a href=\"https:\/\/mciprojets.com\/fr\/en-bref\/\">En bref<\/a> | <a href=\"https:\/\/mciprojets.com\/fr\/gestion-de-projets\/\">Gestion de projets<\/a> | Gestion du changement\u00a0| <a href=\"https:\/\/mciprojets.com\/fr\/autres-roles\/\">Livraison de projets<\/a> | <a href=\"https:\/\/mciprojets.com\/en\/organizational-change-management\/\">English<\/a><\/p>\n\n\n<div class=\"wp-block-media-text alignwide\"><figure class=\"wp-block-media-text__media\"><img loading=\"lazy\" decoding=\"async\" width=\"1024\" height=\"698\" src=\"https:\/\/mciprojets.com\/fr\/wp-content\/uploads\/2019\/07\/shutterstock_545915917-1024x698.jpg\" alt=\"\" class=\"wp-image-188\" srcset=\"https:\/\/mciprojets.com\/fr\/wp-content\/uploads\/2019\/07\/shutterstock_545915917-1024x698.jpg 1024w, https:\/\/mciprojets.com\/fr\/wp-content\/uploads\/2019\/07\/shutterstock_545915917-300x205.jpg 300w, https:\/\/mciprojets.com\/fr\/wp-content\/uploads\/2019\/07\/shutterstock_545915917-768x524.jpg 768w\" sizes=\"(max-width: 1024px) 100vw, 1024px\" \/><\/figure><div class=\"wp-block-media-text__content\">\n<p>Nos services en gestion du changement organisationnel vont de la gestion sp\u00e9cifique d\u2019un ou des projets\/programmes \u00e0 la mise en place d\u2019une pratique en gestion du changement. Nos experts vous accompagnent aussi bien dans la r\u00e9flexion strat\u00e9gique de vos transformations organisationnelles qu\u2019\u00e0 l\u2019adoption des changements par votre organisation. <\/p>\n<\/div><\/div>\n\n\n<p><\/p>\n<p>Voici un bref aper\u00e7u de nos professionnels par expertise&nbsp;:<\/p>\n<ul>\n<li><strong>Gestion du changement&nbsp;: <\/strong>sp\u00e9cialiste op\u00e9rationnel en gestion du changement, conseiller strat\u00e9gique et conseiller en m\u00e9thodologies.<\/li>\n<li><strong>Formation&nbsp;: <\/strong>concepteur et d\u00e9veloppeur de mat\u00e9riel, gestionnaire de logistique de formation et formateur-animateur.<\/li>\n<li><strong>Communication&nbsp;: <\/strong>conseiller strat\u00e9gique en communications, r\u00e9dacteur et designer graphique.<\/li>\n<\/ul>\n<p>Peu importe le type de changement (culturel, structurel, proc\u00e9dural ou op\u00e9rationnel) et peu importe les m\u00e9thodologies utilis\u00e9es (<em>Waterfall<\/em>, Agile, Kanban, Prosci, etc.), notre expertise et notre savoir-faire nous permette d\u2019int\u00e9grer vos \u00e9quipes de projets pour accompagner les gestionnaires et leurs \u00e9quipes pour :<\/p>\n<ul>\n<li>La coordination et la s\u00e9lection des professionnels en gestion du changement;<\/li>\n<li>L\u2019identification des parties prenantes et des groupes impact\u00e9s;<\/li>\n<li>Les strat\u00e9gies d\u2019engagement des gestionnaires et leurs \u00e9quipes;<\/li>\n<li>L\u2019analyse des \u00e9carts entre la situation initiale et la solution d\u00e9sir\u00e9e;<\/li>\n<li>L\u2019analyse des impacts et des risques pour l\u2019organisation et pour chaque \u00e9quipe;<\/li>\n<li>L\u2019\u00e9laboration de la strat\u00e9gie de d\u00e9ploiement et des plans;<\/li>\n<li>La gestion des risques et enjeux au quotidien;<\/li>\n<li>La d\u00e9finition des strat\u00e9gies de support post-d\u00e9ploiement;<\/li>\n<li>L\u2019\u00e9laboration de la strat\u00e9gie de communication;<\/li>\n<li>La r\u00e9daction et le design graphique des communications;<\/li>\n<li>Le d\u00e9veloppement de mat\u00e9riel de formation;<\/li>\n<li>La livraison et la gestion de la logistique de la formation;<\/li>\n<li>L\u2019\u00e9laboration d\u2019une m\u00e9thodologie organisationnelle en gestion du changement;<\/li>\n<li>etc.<\/li>\n<\/ul>\n<p>Nos experts seront avec vous, selon vos besoins, du d\u00e9but \u00e0 la fin de tous vos projets. Nous maintenons un suivi fr\u00e9quent avec nos clients et nos experts pour nous assurer de la satisfaction constante de nos clients.<\/p>\n<p>Notre devise<strong>&nbsp;: livrer et changer sans perdre le Nord!<\/strong><\/p>\n\n\n<div class=\"wp-block-button alignright\"><a class=\"wp-block-button__link has-background has-vivid-green-cyan-background-color\" href=\"https:\/\/mciprojets.com\/fr\/gestion-du-changement\/\">Haut de page<\/a><\/div>\n","protected":false},"excerpt":{"rendered":"<p>Nos services\u00a0| En bref | Gestion de projets | Gestion du changement\u00a0| Livraison de projets | English Nos services en gestion du changement organisationnel vont de la gestion sp\u00e9cifique d\u2019un ou des projets\/programmes \u00e0 la mise en place d\u2019une pratique en gestion du changement. Nos experts vous accompagnent aussi bien dans la r\u00e9flexion strat\u00e9gique de vos transformations organisationnelles qu\u2019\u00e0 l\u2019adoption &hellip; <\/p>\n","protected":false},"author":2,"featured_media":0,"parent":0,"menu_order":0,"comment_status":"closed","ping_status":"closed","template":"","meta":{"footnotes":""},"_links":{"self":[{"href":"https:\/\/mciprojets.com\/fr\/wp-json\/wp\/v2\/pages\/103"}],"collection":[{"href":"https:\/\/mciprojets.com\/fr\/wp-json\/wp\/v2\/pages"}],"about":[{"href":"https:\/\/mciprojets.com\/fr\/wp-json\/wp\/v2\/types\/page"}],"author":[{"embeddable":true,"href":"https:\/\/mciprojets.com\/fr\/wp-json\/wp\/v2\/users\/2"}],"replies":[{"embeddable":true,"href":"https:\/\/mciprojets.com\/fr\/wp-json\/wp\/v2\/comments?post=103"}],"version-history":[{"count":12,"href":"https:\/\/mciprojets.com\/fr\/wp-json\/wp\/v2\/pages\/103\/revisions"}],"predecessor-version":[{"id":406,"href":"https:\/\/mciprojets.com\/fr\/wp-json\/wp\/v2\/pages\/103\/revisions\/406"}],"wp:attachment":[{"href":"https:\/\/mciprojets.com\/fr\/wp-json\/wp\/v2\/media?parent=103"}],"curies":[{"name":"wp","href":"https:\/\/api.w.org\/{rel}","templated":true}]}}