{"id":105,"date":"2019-07-05T09:25:55","date_gmt":"2019-07-05T13:25:55","guid":{"rendered":"https:\/\/mciprojets.com\/fr\/?page_id=105"},"modified":"2021-09-12T15:26:40","modified_gmt":"2021-09-12T19:26:40","slug":"autres-roles","status":"publish","type":"page","link":"https:\/\/mciprojets.com\/fr\/autres-roles\/","title":{"rendered":"Autres r\u00f4les en livraison de projets"},"content":{"rendered":"<p><a href=\"https:\/\/mciprojets.com\/fr\/nos-services\/\">Nos services<\/a>&nbsp;| <a href=\"https:\/\/mciprojets.com\/fr\/en-bref\/\">En bref<\/a> | <a href=\"https:\/\/mciprojets.com\/fr\/gestion-de-projets\/\">Gestion de projets<\/a> | <a href=\"https:\/\/mciprojets.com\/fr\/gestion-du-changement\/\">Gestion du changement<\/a> | Livraison de projets | <a href=\"https:\/\/mciprojets.com\/en\/other-roles\/\">English<\/a><\/p>\n\n\n<div class=\"wp-block-media-text alignwide\"><figure class=\"wp-block-media-text__media\"><img loading=\"lazy\" decoding=\"async\" width=\"1024\" height=\"683\" src=\"https:\/\/mciprojets.com\/fr\/wp-content\/uploads\/2019\/07\/shutterstock_526494319-1024x683.jpg\" alt=\"\" class=\"wp-image-192 size-full\" srcset=\"https:\/\/mciprojets.com\/fr\/wp-content\/uploads\/2019\/07\/shutterstock_526494319-1024x683.jpg 1024w, https:\/\/mciprojets.com\/fr\/wp-content\/uploads\/2019\/07\/shutterstock_526494319-300x200.jpg 300w, https:\/\/mciprojets.com\/fr\/wp-content\/uploads\/2019\/07\/shutterstock_526494319-768x512.jpg 768w\" sizes=\"(max-width: 1024px) 100vw, 1024px\" \/><\/figure><div class=\"wp-block-media-text__content\">\n<p>Selon la nature de vos projets et leur envergure, d\u2019autres experts peuvent \u00eatre n\u00e9cessaires \u00e0 la r\u00e9alisation de vos objectifs. Que ce soit pour un Analyste d\u2019affaires, un Analyste fonctionnel, en passant par un Architecte d\u2019entreprise ou un Int\u00e9grateur de solutions, nous avons l\u2019expert technique qui saura compl\u00e9ter ad\u00e9quatement votre \u00e9quipe de projets.  <br><br>Vous avez un projet d\u2019envergure et vous ne savez pas quels experts il vous faut\u2026 Nous pouvons vous aider en analysant vos besoins d\u2019affaires et en identifiant les fonctions n\u00e9cessaires \u00e0 la r\u00e9alisation de votre projet. Vous pr\u00e9f\u00e9rez embaucher un professionnel avec une expertise technique pointue \u00e0 l\u2019interne? Nous pouvons aussi vous aider dans le recrutement de ces sp\u00e9cialistes. Notre r\u00e9seau et notre connaissance du march\u00e9 vous aideront \u00e0 trouver la perle rare! <\/p>\n<\/div><\/div>\n\n\n<p>Voici un bref aper\u00e7u des services de nos divers sp\u00e9cialistes et conseillers\u00a0:<\/p>\n<ul>\n<li><strong>Analyste d\u2019affaires et de processus<\/strong>\n<ul>\n<li>Mise en place et \u00e9volution d\u2019une pratique d\u2019analyse d\u2019affaires<br \/>(Cadre, M\u00e9thodologies, Outils, Formation, Coaching\u2026)<\/li>\n<li>Animation d\u2019ateliers de formulations des exigences de solutions;<\/li>\n<li>Mod\u00e9lisation des exigences et repr\u00e9sentation en mod\u00e8les simples \u00e0 saisir;<\/li>\n<li>R\u00e9solution de conflits des diff\u00e9rents besoins exprim\u00e9s par les parties prenantes;<\/li>\n<li>Identification des requis fonctionnels et non-fonctionnels de solutions.<\/li>\n<\/ul>\n<\/li>\n<\/ul>\n<ul>\n<li><strong>Analyste fonctionnel<\/strong>\n<ul>\n<li>Compr\u00e9hension des besoins d&rsquo;affaires afin de faire le lien avec les d\u00e9veloppeurs;<\/li>\n<li>Interpr\u00e9tation des requis d&rsquo;affaires afin de les traduire en cas d&rsquo;utilisation (uses cases), r\u00e9cits (user stories) et\/ou cas de test (tests cases);<\/li>\n<li>D\u00e9veloppement des sp\u00e9cifications fonctionnelles et des dossiers fonctionnels;<\/li>\n<li>Contr\u00f4le de la qualit\u00e9 des applications et des tests;<\/li>\n<li>D\u00e9veloppement de la documentation.<\/li>\n<\/ul>\n<\/li>\n<\/ul>\n<ul>\n<li><strong>Architecte de solutions<\/strong>\n<ul>\n<li>Conception de solutions applicatives dans un environnement de d\u00e9veloppement respectant les meilleures pratiques TI;<\/li>\n<li>Analyse et compr\u00e9hension des besoins d\u2019affaires afin de d\u00e9finir les solutions et les produits \u00e0 acqu\u00e9rir ou \u00e0 d\u00e9velopper;<\/li>\n<li>\u00c9laboration de plans de solutions applicatives incluant les strat\u00e9gies de transition, l\u2019\u00e9valuation des risques et la planification de la feuille de route;<\/li>\n<li>D\u00e9veloppement d\u2019architectures de logiciels bas\u00e9es sur une connaissance et expertise approfondies des r\u00e9seaux et syst\u00e8mes d\u2019exploitation.<\/li>\n<\/ul>\n<\/li>\n<\/ul>\n<ul>\n<li><strong>Architecte d\u2019affaires \/ d\u2019entreprise<\/strong>\n<ul>\n<li>Alignement strat\u00e9gique des TI aux strat\u00e9gies d\u2019affaires et organisationnelles;<\/li>\n<li>D\u00e9finition de la vision et des orientations strat\u00e9giques, affaires, informationnelles et technologiques;<\/li>\n<li>Accompagnement pour la s\u00e9lection et la priorisation des projets de transformation;<\/li>\n<li>Guide les projets afin d\u2019assurer l\u2019alignement des projets avec les diverses architectures corporatives.<\/li>\n<\/ul>\n<\/li>\n<\/ul>\n<ul>\n<li><strong>Int\u00e9grateur de solutions<\/strong>\n<ul>\n<li>Mise en place et gestion des environnements (mat\u00e9riel et logiciel);<\/li>\n<li>Int\u00e9gration continue de l\u2019ensemble des composantes des solutions;<\/li>\n<li>Gestion de d&rsquo;\u00e9quilibrage de charge et de haute disponibilit\u00e9 pour les applications et serveurs;<\/li>\n<li>Assemblage, test et d\u00e9ploiement des composantes logicielles.<\/li>\n<\/ul>\n<\/li>\n<\/ul>\n<p>Nos experts seront avec vous, selon vos besoins, du d\u00e9but \u00e0 la fin de tous vos projets. Nous maintenons un suivi fr\u00e9quent avec nos clients et nos experts pour nous assurer de la satisfaction constante de nos clients.<\/p>\n<p>Notre devise<strong>\u00a0: livrer et changer sans perdre le Nord!<\/strong><\/p>\n\n\n<div class=\"wp-block-button alignright\"><a class=\"wp-block-button__link has-vivid-green-cyan-background-color has-background\" href=\"https:\/\/mciprojets.com\/fr\/autres-roles\/\">Haut de page<\/a><\/div>\n","protected":false},"excerpt":{"rendered":"<p>Nos services&nbsp;| En bref | Gestion de projets | Gestion du changement | Livraison de projets | English Selon la nature de vos projets et leur envergure, d\u2019autres experts peuvent \u00eatre n\u00e9cessaires \u00e0 la r\u00e9alisation de vos objectifs. Que ce soit pour un Analyste d\u2019affaires, un Analyste fonctionnel, en passant par un Architecte d\u2019entreprise ou un Int\u00e9grateur de solutions, nous &hellip; <\/p>\n","protected":false},"author":2,"featured_media":0,"parent":0,"menu_order":0,"comment_status":"closed","ping_status":"closed","template":"","meta":{"footnotes":""},"_links":{"self":[{"href":"https:\/\/mciprojets.com\/fr\/wp-json\/wp\/v2\/pages\/105"}],"collection":[{"href":"https:\/\/mciprojets.com\/fr\/wp-json\/wp\/v2\/pages"}],"about":[{"href":"https:\/\/mciprojets.com\/fr\/wp-json\/wp\/v2\/types\/page"}],"author":[{"embeddable":true,"href":"https:\/\/mciprojets.com\/fr\/wp-json\/wp\/v2\/users\/2"}],"replies":[{"embeddable":true,"href":"https:\/\/mciprojets.com\/fr\/wp-json\/wp\/v2\/comments?post=105"}],"version-history":[{"count":13,"href":"https:\/\/mciprojets.com\/fr\/wp-json\/wp\/v2\/pages\/105\/revisions"}],"predecessor-version":[{"id":483,"href":"https:\/\/mciprojets.com\/fr\/wp-json\/wp\/v2\/pages\/105\/revisions\/483"}],"wp:attachment":[{"href":"https:\/\/mciprojets.com\/fr\/wp-json\/wp\/v2\/media?parent=105"}],"curies":[{"name":"wp","href":"https:\/\/api.w.org\/{rel}","templated":true}]}}