{"id":124,"date":"2019-07-05T09:31:37","date_gmt":"2019-07-05T13:31:37","guid":{"rendered":"https:\/\/mciprojets.com\/fr\/?page_id=124"},"modified":"2021-07-20T10:19:24","modified_gmt":"2021-07-20T14:19:24","slug":"carrieres","status":"publish","type":"page","link":"https:\/\/mciprojets.com\/fr\/carrieres\/","title":{"rendered":"Carri\u00e8res"},"content":{"rendered":"<p>Carri\u00e8re | <a href=\"https:\/\/mciprojets.com\/fr\/talents-recherches\/\">Talents recherch\u00e9s<\/a>\u00a0| <a href=\"https:\/\/mciprojets.com\/fr\/postuler\/\">Postuler<\/a> |\u00a0<a href=\"https:\/\/mciprojets.com\/en\/career\/\">English<\/a><\/p>\n<p><img loading=\"lazy\" decoding=\"async\" class=\"wp-image-175 alignleft\" src=\"https:\/\/mciprojets.com\/fr\/wp-content\/uploads\/2019\/07\/shutterstock_269280611-300x188.jpg\" alt=\"\" width=\"567\" height=\"355\" srcset=\"https:\/\/mciprojets.com\/fr\/wp-content\/uploads\/2019\/07\/shutterstock_269280611-300x188.jpg 300w, https:\/\/mciprojets.com\/fr\/wp-content\/uploads\/2019\/07\/shutterstock_269280611-768x481.jpg 768w, https:\/\/mciprojets.com\/fr\/wp-content\/uploads\/2019\/07\/shutterstock_269280611-1024x642.jpg 1024w\" sizes=\"(max-width: 567px) 100vw, 567px\" \/> MCI est constamment \u00e0 la recherche de nouveaux talents pour d\u00e9velopper son \u00e9quipe de professionnels. Vous \u00eates \u00e0 la recherche de nouveaux d\u00e9fis, n\u2019h\u00e9sitez pas \u00e0 consulter nos affichages ci-dessous.<\/p>\n<p>Vous pouvez aussi nous envoyer votre CV m\u00eame si aucun affichage actuel ne correspond \u00e0 votre profil. Nous sommes toujours ouverts \u00e0 d\u00e9couvrir proactivement de nouveaux professionnels dans les domaines de la gestion de projets (PM, PCO\u2026), de la gestion du changement organisationnel (OCM, Formateur, Sp\u00e9cialiste en Communications\u2026) ou tous les autres r\u00f4les en livraison de projets (analyste d\u2019affaire, analyste fonctionnel, architecte d\u2019entreprise, int\u00e9grateur de solution\u2026).<\/p>\n\n\n<p><\/p>\n\n\n\n<p>Veuillez soumettre vos CV* par courriel \u00e0 : <a href=\"mailto:cv@mciprojets.com\">cv@mciprojets.com<\/a>.<br>Nous assurons la confidentialit\u00e9 aux personnes qui soumettent leur CV.<br>* Les CV doivent \u00eatre soumis en format Word ou PDF.<\/p>\n\n\n\n<p><br>Affichages actuels :<\/p>\n\n\n\n<ul><li>Aucun affichage pour le moment<\/li><\/ul>\n\n\n\n<p><\/p>\n","protected":false},"excerpt":{"rendered":"<p>Carri\u00e8re | Talents recherch\u00e9s\u00a0| Postuler |\u00a0English MCI est constamment \u00e0 la recherche de nouveaux talents pour d\u00e9velopper son \u00e9quipe de professionnels. Vous \u00eates \u00e0 la recherche de nouveaux d\u00e9fis, n\u2019h\u00e9sitez pas \u00e0 consulter nos affichages ci-dessous. Vous pouvez aussi nous envoyer votre CV m\u00eame si aucun affichage actuel ne correspond \u00e0 votre profil. Nous sommes toujours ouverts \u00e0 d\u00e9couvrir proactivement &hellip; <\/p>\n","protected":false},"author":2,"featured_media":0,"parent":0,"menu_order":0,"comment_status":"closed","ping_status":"closed","template":"","meta":{"footnotes":""},"_links":{"self":[{"href":"https:\/\/mciprojets.com\/fr\/wp-json\/wp\/v2\/pages\/124"}],"collection":[{"href":"https:\/\/mciprojets.com\/fr\/wp-json\/wp\/v2\/pages"}],"about":[{"href":"https:\/\/mciprojets.com\/fr\/wp-json\/wp\/v2\/types\/page"}],"author":[{"embeddable":true,"href":"https:\/\/mciprojets.com\/fr\/wp-json\/wp\/v2\/users\/2"}],"replies":[{"embeddable":true,"href":"https:\/\/mciprojets.com\/fr\/wp-json\/wp\/v2\/comments?post=124"}],"version-history":[{"count":14,"href":"https:\/\/mciprojets.com\/fr\/wp-json\/wp\/v2\/pages\/124\/revisions"}],"predecessor-version":[{"id":468,"href":"https:\/\/mciprojets.com\/fr\/wp-json\/wp\/v2\/pages\/124\/revisions\/468"}],"wp:attachment":[{"href":"https:\/\/mciprojets.com\/fr\/wp-json\/wp\/v2\/media?parent=124"}],"curies":[{"name":"wp","href":"https:\/\/api.w.org\/{rel}","templated":true}]}}