{"id":138,"date":"2019-10-22T08:05:17","date_gmt":"2019-10-22T12:05:17","guid":{"rendered":"https:\/\/mciprojets.com\/fr\/?page_id=138"},"modified":"2021-01-21T19:01:47","modified_gmt":"2021-01-22T00:01:47","slug":"postuler","status":"publish","type":"page","link":"https:\/\/mciprojets.com\/fr\/postuler\/","title":{"rendered":"Postuler"},"content":{"rendered":"<p><a href=\"https:\/\/mciprojets.com\/fr\/carrieres\/\">Carri\u00e8res<\/a>&nbsp;| <a href=\"https:\/\/mciprojets.com\/fr\/talents-recherches\/\">Talents recherch\u00e9s<\/a> | Postuler |&nbsp;<a href=\"https:\/\/mciprojets.com\/en\/apply\/\">English<\/a><\/p>\n\n\n<p><br>Voici nos coordonn\u00e9es&nbsp;:<\/p>\n\n\n\n<p>T\u00e9l\u00e9phones\u00a0: 514-768-4111 (Montr\u00e9al) ou <br><span class=\"has-inline-color has-white-color\">&#8212;&#8212;&#8212;&#8211; &#8212;&#8212;&#8211;<\/span>778-806-0252 (Vancouver)<br> Fax\u00a0: 1-866-235-0505 <br> Courriel\u00a0: <a href=\"mailto:info@mciprojets.com\">info@mciprojets.com<\/a> <\/p>\n\n\n\n<p><strong>Pour soumettre votre candidature ou\nvotre CV*, veuillez utiliser le courriel suivant<\/strong>&nbsp;: <a href=\"mailto:cv@mciprojets.com\">cv@mciprojets.com<\/a>.<\/p>\n\n\n\n<p>*\nVeuillez joindre vos CV en format Word ou PDF.<\/p>\n\n\n\n<p><\/p>\n","protected":false},"excerpt":{"rendered":"<p>Carri\u00e8res&nbsp;| Talents recherch\u00e9s | Postuler |&nbsp;English Voici nos coordonn\u00e9es&nbsp;: T\u00e9l\u00e9phones\u00a0: 514-768-4111 (Montr\u00e9al) ou &#8212;&#8212;&#8212;&#8211; &#8212;&#8212;&#8211;778-806-0252 (Vancouver) Fax\u00a0: 1-866-235-0505 Courriel\u00a0: info@mciprojets.com Pour soumettre votre candidature ou votre CV*, veuillez utiliser le courriel suivant&nbsp;: cv@mciprojets.com. * Veuillez joindre vos CV en format Word ou PDF.<\/p>\n","protected":false},"author":2,"featured_media":0,"parent":0,"menu_order":0,"comment_status":"closed","ping_status":"closed","template":"","meta":{"footnotes":""},"_links":{"self":[{"href":"https:\/\/mciprojets.com\/fr\/wp-json\/wp\/v2\/pages\/138"}],"collection":[{"href":"https:\/\/mciprojets.com\/fr\/wp-json\/wp\/v2\/pages"}],"about":[{"href":"https:\/\/mciprojets.com\/fr\/wp-json\/wp\/v2\/types\/page"}],"author":[{"embeddable":true,"href":"https:\/\/mciprojets.com\/fr\/wp-json\/wp\/v2\/users\/2"}],"replies":[{"embeddable":true,"href":"https:\/\/mciprojets.com\/fr\/wp-json\/wp\/v2\/comments?post=138"}],"version-history":[{"count":8,"href":"https:\/\/mciprojets.com\/fr\/wp-json\/wp\/v2\/pages\/138\/revisions"}],"predecessor-version":[{"id":442,"href":"https:\/\/mciprojets.com\/fr\/wp-json\/wp\/v2\/pages\/138\/revisions\/442"}],"wp:attachment":[{"href":"https:\/\/mciprojets.com\/fr\/wp-json\/wp\/v2\/media?parent=138"}],"curies":[{"name":"wp","href":"https:\/\/api.w.org\/{rel}","templated":true}]}}