{"id":51,"date":"2019-04-03T15:29:13","date_gmt":"2019-04-03T19:29:13","guid":{"rendered":"https:\/\/mciprojets.com\/fr\/?page_id=51"},"modified":"2024-01-14T17:17:30","modified_gmt":"2024-01-14T22:17:30","slug":"nos-services","status":"publish","type":"page","link":"https:\/\/mciprojets.com\/fr\/nos-services\/","title":{"rendered":"Nos services"},"content":{"rendered":"<p>Nos services | <a href=\"https:\/\/mciprojets.com\/fr\/en-bref\/\">En bref<\/a> | <a href=\"https:\/\/mciprojets.com\/fr\/gestion-de-projets\/\">Gestion de projets<\/a> | <a href=\"https:\/\/mciprojets.com\/fr\/gestion-du-changement\/\">Gestion du changement<\/a> | <a href=\"https:\/\/mciprojets.com\/fr\/autres-roles\/\">Livraison de projets<\/a> | <a href=\"https:\/\/mciprojets.com\/en\/our-services\/\">English<\/a><\/p>\n\n\n<div class=\"wp-block-media-text alignwide\"><figure class=\"wp-block-media-text__media\"><img loading=\"lazy\" decoding=\"async\" width=\"1024\" height=\"580\" src=\"https:\/\/mciprojets.com\/fr\/wp-content\/uploads\/2019\/07\/shutterstock_744825085-1024x580.jpg\" alt=\"\" class=\"wp-image-182 size-full\" srcset=\"https:\/\/mciprojets.com\/fr\/wp-content\/uploads\/2019\/07\/shutterstock_744825085-1024x580.jpg 1024w, https:\/\/mciprojets.com\/fr\/wp-content\/uploads\/2019\/07\/shutterstock_744825085-300x170.jpg 300w, https:\/\/mciprojets.com\/fr\/wp-content\/uploads\/2019\/07\/shutterstock_744825085-768x435.jpg 768w\" sizes=\"(max-width: 1024px) 100vw, 1024px\" \/><\/figure><div class=\"wp-block-media-text__content\">\n<p> Depuis plus de 25 ans, MCI supporte ses clients dans diverses facettes de leurs projets\u00a0: de l\u2019id\u00e9ation \u00e0 la r\u00e9alisation et du support \u00e0 la livraison, nous avons le professionnel qu\u2019il vous faut. Au cours des derni\u00e8res ann\u00e9es, nos sp\u00e9cialistes et conseillers ont \u0153uvr\u00e9 dans plusieurs secteurs d\u2019activit\u00e9s\u00a0: administration publique, a\u00e9ronautique, arts spectacles &amp; loisirs, bancaire, construction, finances &amp; assurances, industrie de l\u2019information, manufacturier, pharmaceutique, service d\u2019enseignement, services professionnels, services publics, soins de sant\u00e9 et dans le domaine des transports. <\/p>\n<\/div><\/div>\n\n\n<p>Notre objectif est de fournir des services sp\u00e9cialis\u00e9s dans les trois niches suivantes :<\/p>\n<ul>\n<li><strong>Gestion de projets<\/strong> (PM, PCO, PMO, Sp\u00e9cialiste en bureau de projets);\u00a0<a href=\"https:\/\/mciprojets.com\/fr\/gestion-de-projets\/\" target=\"_blank\" rel=\"noopener noreferrer\">En savoir plus<\/a><\/li>\n<li><strong>Gestion du changement organisationnel<\/strong> (Changement strat\u00e9gique, Communication, Formation); <a href=\"https:\/\/mciprojets.com\/fr\/gestion-du-changement\/\" target=\"_blank\" rel=\"noopener noreferrer\">En savoir plus<\/a><\/li>\n<li>Les autres r\u00f4les en <strong>livraison de projets<\/strong> (analyste d\u2019affaires, analyste fonctionnel, architecte d\u2019entreprise, int\u00e9grateur de solution\u2026).\u00a0<a href=\"https:\/\/mciprojets.com\/fr\/autres-roles\/\" target=\"_blank\" rel=\"noopener noreferrer\">En savoir plus<\/a><\/li>\n<\/ul>\n<p>En moyenne, nos professionnels ont plus de 20 ans d\u2019exp\u00e9rience et la majorit\u00e9 d\u2019entre eux sont certifi\u00e9s dans leur champ d\u2019expertise (PMI, PROSCI, CBAP\u2026).<\/p>\n<p>Nous avons deux cat\u00e9gories de professionnels\u00a0:<\/p>\n<ul>\n<li><strong>Les sp\u00e9cialistes<\/strong>: experts dans leur domaine, ils apportent leur savoir-faire pour livrer et r\u00e9aliser tous vos besoins en mati\u00e8re de projets;<\/li>\n<li><strong>Les conseillers<\/strong>: aussi experts dans leur domaine, ils apportent leur savoir-\u00eatre pour de l\u2019accompagnement strat\u00e9gique et du d\u00e9veloppement de la comp\u00e9tence interne de nos clients.<\/li>\n<\/ul>\n<p>Notre savoir-faire et notre savoir-\u00eatre sont au service de votre succ\u00e8s!<\/p>\n<p>Pour en conna\u00eetre davantage sur notre offre de services et nos solutions compl\u00e8tes, veuillez s\u00e9lectionner un de nos champs d\u2019expertise\u00a0:<\/p>\n<ul>\n<li>Gestion de projets \u00a0<a href=\"https:\/\/mciprojets.com\/fr\/gestion-de-projets\/\" target=\"_blank\" rel=\"noopener noreferrer\">En savoir plus<\/a><\/li>\n<li>Gestion du changement organisationnel \u00a0<a href=\"https:\/\/mciprojets.com\/fr\/gestion-du-changement\/\" target=\"_blank\" rel=\"noopener noreferrer\">En savoir plus<\/a><\/li>\n<li>Autres r\u00f4les en livraison de projets \u00a0<a href=\"https:\/\/mciprojets.com\/fr\/autres-roles\/\" target=\"_blank\" rel=\"noopener noreferrer\">En savoir plus<\/a><\/li>\n<\/ul>\n\n\n<div class=\"wp-block-button is-style-fill alignright\"><a class=\"wp-block-button__link has-vivid-green-cyan-background-color has-background wp-element-button\" href=\"https:\/\/mciprojets.com\/fr\/nos-services\/\">Haut de page<\/a><\/div>\n","protected":false},"excerpt":{"rendered":"<p>Nos services | En bref | Gestion de projets | Gestion du changement | Livraison de projets | English Depuis plus de 25 ans, MCI supporte ses clients dans diverses facettes de leurs projets\u00a0: de l\u2019id\u00e9ation \u00e0 la r\u00e9alisation et du support \u00e0 la livraison, nous avons le professionnel qu\u2019il vous faut. Au cours des derni\u00e8res ann\u00e9es, nos sp\u00e9cialistes et &hellip; <\/p>\n","protected":false},"author":2,"featured_media":0,"parent":0,"menu_order":0,"comment_status":"closed","ping_status":"closed","template":"","meta":{"footnotes":""},"_links":{"self":[{"href":"https:\/\/mciprojets.com\/fr\/wp-json\/wp\/v2\/pages\/51"}],"collection":[{"href":"https:\/\/mciprojets.com\/fr\/wp-json\/wp\/v2\/pages"}],"about":[{"href":"https:\/\/mciprojets.com\/fr\/wp-json\/wp\/v2\/types\/page"}],"author":[{"embeddable":true,"href":"https:\/\/mciprojets.com\/fr\/wp-json\/wp\/v2\/users\/2"}],"replies":[{"embeddable":true,"href":"https:\/\/mciprojets.com\/fr\/wp-json\/wp\/v2\/comments?post=51"}],"version-history":[{"count":15,"href":"https:\/\/mciprojets.com\/fr\/wp-json\/wp\/v2\/pages\/51\/revisions"}],"predecessor-version":[{"id":488,"href":"https:\/\/mciprojets.com\/fr\/wp-json\/wp\/v2\/pages\/51\/revisions\/488"}],"wp:attachment":[{"href":"https:\/\/mciprojets.com\/fr\/wp-json\/wp\/v2\/media?parent=51"}],"curies":[{"name":"wp","href":"https:\/\/api.w.org\/{rel}","templated":true}]}}