{"id":58,"date":"2019-04-03T15:32:20","date_gmt":"2019-04-03T19:32:20","guid":{"rendered":"https:\/\/mciprojets.com\/fr\/?page_id=58"},"modified":"2021-09-12T15:24:27","modified_gmt":"2021-09-12T19:24:27","slug":"lequipe","status":"publish","type":"page","link":"https:\/\/mciprojets.com\/fr\/lequipe\/","title":{"rendered":"L&rsquo;\u00e9quipe"},"content":{"rendered":"<p><a href=\"https:\/\/mciprojets.com\/fr\/a-propos\/\">\u00c0 propos<\/a>&nbsp;| <a href=\"https:\/\/mciprojets.com\/fr\/histoire\/\">Histoire<\/a>&nbsp;|&nbsp;L&rsquo;\u00e9quipe&nbsp;|&nbsp;<a href=\"https:\/\/mciprojets.com\/fr\/mission-et-vision\">Mission &amp; vision<\/a> | <a href=\"https:\/\/mciprojets.com\/en\/our-team\/\">English<\/a><\/p>\n\n\n<p><br>MCI, c\u2019est d\u2019abord et avant tout une \u00e9quipe qui se compl\u00e8te et s\u2019entraide. C\u2019est l\u2019addition de professionnels qui multiplient leurs exp\u00e9riences.<\/p>\n\n\n<p><strong>Fran\u00e7ois Thibault<\/strong>, pr\u00e9sident et fondateur<\/p>\n<p>Depuis plus de 30 ans, Francois contribue \u00e0 la gestion de projets de diverses natures. Certifi\u00e9 PMP depuis 2001, il enseigne aussi une dizaine de cours de gestion de projets dont 7 des 10 domaines de connaissances requis pour l\u2019obtention de la certification PMP. En 1997, Fran\u00e7ois fonde et d\u00e9veloppe l\u2019\u00e9quipe de MCI Gestion de projets afin de transmettre sa passion \u00e0 ses clients et \u00e0 son \u00e9quipe pour livrer avec succ\u00e8s des projets tr\u00e8s diversifi\u00e9s tout en vivant au quotidien notre slogan soit \u00ab&nbsp;Livrer et changer sans perdre le Nord&nbsp;\u00bb.<\/p>\n\n\n<div class=\"wp-block-media-text alignwide\" style=\"grid-template-columns:61% auto\"><figure class=\"wp-block-media-text__media\"><img loading=\"lazy\" decoding=\"async\" width=\"1024\" height=\"571\" src=\"https:\/\/mciprojets.com\/fr\/wp-content\/uploads\/2019\/07\/shutterstock_561776362-1024x571.jpg\" alt=\"\" class=\"wp-image-157 size-full\" srcset=\"https:\/\/mciprojets.com\/fr\/wp-content\/uploads\/2019\/07\/shutterstock_561776362-1024x571.jpg 1024w, https:\/\/mciprojets.com\/fr\/wp-content\/uploads\/2019\/07\/shutterstock_561776362-300x167.jpg 300w, https:\/\/mciprojets.com\/fr\/wp-content\/uploads\/2019\/07\/shutterstock_561776362-768x428.jpg 768w\" sizes=\"(max-width: 1024px) 100vw, 1024px\" \/><\/figure><div class=\"wp-block-media-text__content\">\n<p>\n\n\n\n\n\n\n\n\n\n\n\n\n\n\n\n\nMCI\npeut aussi compter sur une \u00e9quipe pour l\u2019administration et la gestion des\nop\u00e9rations, le recrutement et le d\u00e9veloppement des affaires. Notre \u00e9quipe\nveille \u00e0 maintenir l\u2019excellence dans notre service aux clients afin de vous\ntrouver les meilleures ressources en fonction de vos besoins.\n\n\n\n<\/p>\n<\/div><\/div>\n\n\n<p>Nous avons une \u00e9quipe d\u2019experts d\u00e9di\u00e9e \u00e0 la <strong>gestion de projets et de programmes<\/strong> :<\/p>\n<ul>\n<li>Des Directeurs de Projets \/ Programmes (PM)<\/li>\n<li>Des Planificateur de Projets (PCO)<\/li>\n<li>Des Directeurs de PMO<\/li>\n<li>Des Conseillers en m\u00e9thodologies, processus et en outils de gestion de projets<\/li>\n<\/ul>\n<p>Nous avons une \u00e9quipe de professionnels d\u00e9di\u00e9e \u00e0 la <strong>gestion des changements<\/strong>\u00a0:<\/p>\n<ul>\n<li>Des Sp\u00e9cialistes en Gestion des Changements Organisationnels (OCM)<\/li>\n<li>Des Formateurs et des Experts en Transfert des Connaissances<\/li>\n<li>Des Concepteurs et des D\u00e9veloppeurs de contenu de formation et des Sp\u00e9cialistes en logistique de formation<\/li>\n<li>Des Sp\u00e9cialistes en Communications<\/li>\n<\/ul>\n<p>Finalement, nous avons une \u00e9quipe d\u2019experts divers qui peuvent apporter du support \u00e0 la r\u00e9alisation de vos projets\u00a0:<\/p>\n<ul>\n<li>Des Analystes d\u2019Affaires (BA) et de r\u00e9ing\u00e9nierie de processus<\/li>\n<li>Des Architectes d\u2019entreprises et Architectes d\u2019affaires<\/li>\n<li>Des Analystes Fonctionnels<\/li>\n<li>Des Int\u00e9grateurs de solutions<\/li>\n<li>\u2026<\/li>\n<\/ul>\n<p>\u00c0 cela s\u2019ajoutent parfois d\u2019autres sp\u00e9cialistes et conseillers que nous pouvons recruter pour un mandat \u00e0 la pige ou pour un poste permanent au sein de votre organisation. Quoi qu\u2019il en soit, nous saurons r\u00e9pondre \u00e0 vos besoins sp\u00e9cifiques en trouvant pour vous l\u2019expert qu\u2019il vous faut pour vos projets.<\/p>\n\n\n<div class=\"wp-block-button alignright\"><a class=\"wp-block-button__link has-vivid-green-cyan-background-color has-background\" href=\"https:\/\/mciprojets.com\/fr\/lequipe\/\">Haut de page<\/a><\/div>\n","protected":false},"excerpt":{"rendered":"<p>\u00c0 propos&nbsp;| Histoire&nbsp;|&nbsp;L&rsquo;\u00e9quipe&nbsp;|&nbsp;Mission &amp; vision | English MCI, c\u2019est d\u2019abord et avant tout une \u00e9quipe qui se compl\u00e8te et s\u2019entraide. C\u2019est l\u2019addition de professionnels qui multiplient leurs exp\u00e9riences. Fran\u00e7ois Thibault, pr\u00e9sident et fondateur Depuis plus de 30 ans, Francois contribue \u00e0 la gestion de projets de diverses natures. Certifi\u00e9 PMP depuis 2001, il enseigne aussi une dizaine de cours de &hellip; <\/p>\n","protected":false},"author":2,"featured_media":0,"parent":0,"menu_order":0,"comment_status":"closed","ping_status":"closed","template":"","meta":{"footnotes":""},"_links":{"self":[{"href":"https:\/\/mciprojets.com\/fr\/wp-json\/wp\/v2\/pages\/58"}],"collection":[{"href":"https:\/\/mciprojets.com\/fr\/wp-json\/wp\/v2\/pages"}],"about":[{"href":"https:\/\/mciprojets.com\/fr\/wp-json\/wp\/v2\/types\/page"}],"author":[{"embeddable":true,"href":"https:\/\/mciprojets.com\/fr\/wp-json\/wp\/v2\/users\/2"}],"replies":[{"embeddable":true,"href":"https:\/\/mciprojets.com\/fr\/wp-json\/wp\/v2\/comments?post=58"}],"version-history":[{"count":17,"href":"https:\/\/mciprojets.com\/fr\/wp-json\/wp\/v2\/pages\/58\/revisions"}],"predecessor-version":[{"id":481,"href":"https:\/\/mciprojets.com\/fr\/wp-json\/wp\/v2\/pages\/58\/revisions\/481"}],"wp:attachment":[{"href":"https:\/\/mciprojets.com\/fr\/wp-json\/wp\/v2\/media?parent=58"}],"curies":[{"name":"wp","href":"https:\/\/api.w.org\/{rel}","templated":true}]}}