{"id":60,"date":"2019-04-03T15:32:44","date_gmt":"2019-04-03T19:32:44","guid":{"rendered":"https:\/\/mciprojets.com\/fr\/?page_id=60"},"modified":"2020-07-09T11:05:54","modified_gmt":"2020-07-09T15:05:54","slug":"mission-et-vision","status":"publish","type":"page","link":"https:\/\/mciprojets.com\/fr\/mission-et-vision\/","title":{"rendered":"Mission et Vision"},"content":{"rendered":"<p>\u00a0<a href=\"https:\/\/mciprojets.com\/fr\/a-propos\/\">\u00c0 propos<\/a>\u00a0| <a href=\"https:\/\/mciprojets.com\/fr\/histoire\/\">Histoire<\/a>\u00a0|\u00a0<a href=\"https:\/\/mciprojets.com\/fr\/lequipe\/\">L&rsquo;\u00e9quipe<\/a> |\u00a0Mission &amp; vision | <a href=\"https:\/\/mciprojets.com\/en\/mission-and-vision\/\">English<\/a><\/p>\n\n\n<p><\/p>\n\n\n\n<div class=\"wp-block-media-text alignwide\"><figure class=\"wp-block-media-text__media\"><img loading=\"lazy\" decoding=\"async\" width=\"1024\" height=\"681\" src=\"https:\/\/mciprojets.com\/fr\/wp-content\/uploads\/2019\/07\/shutterstock_1017583102-1024x681.jpg\" alt=\"\" class=\"wp-image-166\" srcset=\"https:\/\/mciprojets.com\/fr\/wp-content\/uploads\/2019\/07\/shutterstock_1017583102-1024x681.jpg 1024w, https:\/\/mciprojets.com\/fr\/wp-content\/uploads\/2019\/07\/shutterstock_1017583102-300x199.jpg 300w, https:\/\/mciprojets.com\/fr\/wp-content\/uploads\/2019\/07\/shutterstock_1017583102-768x511.jpg 768w\" sizes=\"(max-width: 1024px) 100vw, 1024px\" \/><\/figure><div class=\"wp-block-media-text__content\">\n<p><strong>Notre mission<\/strong> est d\u2019offrir des services sp\u00e9cialis\u00e9s dans les domaines de la gestion de projets, de la gestion des changements organisationnels et tous les autres r\u00f4les en gestion de projets dans le but de partager nos connaissances tout en contribuant aux succ\u00e8s de nos clients.<\/p>\n\n\n\n<p><strong>Notre vision<\/strong> est de participer \u00e0 la r\u00e9alisation des objectifs d\u2019affaires de nos clients, de contribuer activement \u00e0 leurs d\u00e9fis de transformation et d\u2019\u00eatre un partenaire-cl\u00e9 par notre professionnalisme aux succ\u00e8s de vos projets d\u2019envergures.<\/p>\n\n\n\n<p><strong>Nos valeurs<\/strong> sont l\u2019\u00c9nergie de la Passion &amp; la Comp\u00e9tence appliqu\u00e9e avec Rigueur. Quand on vous parlera de MCI, on vous dira&nbsp;: \u00ab&nbsp;passionn\u00e9ment engag\u00e9 au travail impeccable&nbsp;\u00bb.<\/p>\n<\/div><\/div>\n\n\n<p>Notre <strong>vision d\u2019affaires<\/strong> repose sur notre volont\u00e9 de maintenir une offre de services qui s\u2019adapte aux besoins de nos clients et qui nous permet de d\u00e9velopper une <strong>complicit\u00e9 et une confiance afin<\/strong> <strong>d\u2019\u00e9tablir des bases de collaboration solides, profitables et durables.<\/strong><\/p>\n\n\n<div class=\"wp-block-button alignright\"><a class=\"wp-block-button__link has-background has-vivid-green-cyan-background-color\" href=\"https:\/\/mciprojets.com\/fr\/mission-et-vision\/\">Haut de page<\/a><\/div>\n","protected":false},"excerpt":{"rendered":"<p>\u00a0\u00c0 propos\u00a0| Histoire\u00a0|\u00a0L&rsquo;\u00e9quipe |\u00a0Mission &amp; vision | English Notre mission est d\u2019offrir des services sp\u00e9cialis\u00e9s dans les domaines de la gestion de projets, de la gestion des changements organisationnels et tous les autres r\u00f4les en gestion de projets dans le but de partager nos connaissances tout en contribuant aux succ\u00e8s de nos clients. Notre vision est de participer \u00e0 la &hellip; <\/p>\n","protected":false},"author":2,"featured_media":0,"parent":0,"menu_order":0,"comment_status":"closed","ping_status":"closed","template":"","meta":{"footnotes":""},"_links":{"self":[{"href":"https:\/\/mciprojets.com\/fr\/wp-json\/wp\/v2\/pages\/60"}],"collection":[{"href":"https:\/\/mciprojets.com\/fr\/wp-json\/wp\/v2\/pages"}],"about":[{"href":"https:\/\/mciprojets.com\/fr\/wp-json\/wp\/v2\/types\/page"}],"author":[{"embeddable":true,"href":"https:\/\/mciprojets.com\/fr\/wp-json\/wp\/v2\/users\/2"}],"replies":[{"embeddable":true,"href":"https:\/\/mciprojets.com\/fr\/wp-json\/wp\/v2\/comments?post=60"}],"version-history":[{"count":17,"href":"https:\/\/mciprojets.com\/fr\/wp-json\/wp\/v2\/pages\/60\/revisions"}],"predecessor-version":[{"id":423,"href":"https:\/\/mciprojets.com\/fr\/wp-json\/wp\/v2\/pages\/60\/revisions\/423"}],"wp:attachment":[{"href":"https:\/\/mciprojets.com\/fr\/wp-json\/wp\/v2\/media?parent=60"}],"curies":[{"name":"wp","href":"https:\/\/api.w.org\/{rel}","templated":true}]}}