{"id":8,"date":"2019-03-29T14:39:07","date_gmt":"2019-03-29T14:39:07","guid":{"rendered":"https:\/\/mciprojets.com\/fr\/?page_id=8"},"modified":"2021-01-21T19:03:59","modified_gmt":"2021-01-22T00:03:59","slug":"accueil","status":"publish","type":"page","link":"https:\/\/mciprojets.com\/fr\/","title":{"rendered":"Accueil"},"content":{"rendered":"<p style=\"text-align: right;\"><a href=\"https:\/\/mciprojets.com\/en\/\">English<\/a><\/p>\n\n\n<div class=\"wp-block-image\"><figure class=\"aligncenter\"><img loading=\"lazy\" decoding=\"async\" width=\"1024\" height=\"556\" src=\"https:\/\/mciprojets.com\/fr\/wp-content\/uploads\/2019\/08\/shutterstock_610352000-1024x556.jpg\" alt=\"\" class=\"wp-image-245\" srcset=\"https:\/\/mciprojets.com\/fr\/wp-content\/uploads\/2019\/08\/shutterstock_610352000-1024x556.jpg 1024w, https:\/\/mciprojets.com\/fr\/wp-content\/uploads\/2019\/08\/shutterstock_610352000-300x163.jpg 300w, https:\/\/mciprojets.com\/fr\/wp-content\/uploads\/2019\/08\/shutterstock_610352000-768x417.jpg 768w\" sizes=\"(max-width: 1024px) 100vw, 1024px\" \/><\/figure><\/div>\n\n\n<p>MCI vous accompagne dans la planification, la gestion, le d\u00e9veloppement, la r\u00e9alisation et la livraison de vos projets depuis 1997. Nous avons des solutions adapt\u00e9es en gestion de projets, gestion du changement organisationnel et tous les autres r\u00f4les en livraison de projets (analyste d\u2019affaire, analyste fonctionnel, architecte d\u2019entreprise, int\u00e9grateur de solution\u2026). MCI est un <strong>partenaire d\u2019expertise, de support et de continuit\u00e9 <\/strong>qui pr\u00f4ne l\u2019excellence dans ses r\u00e9alisations.<\/p>\n<p>Dans notre domaine, nous regroupons des sp\u00e9cialistes et des conseillers parmi les meilleurs dans leur profession qui peuvent livrer des projets de toute envergure, de l\u2019\u00e9laboration du concept initial jusqu\u2019au d\u00e9ploiement final. \u00a0MCI se targue d\u2019avoir des professionnels \u00e0 la pens\u00e9e cr\u00e9ative qui sauront trouver des solutions innovantes pour vos projets.<\/p>\n<p>Choisir MCI, c\u2019est choisir<strong> un<\/strong> <strong>partage d\u2019expertise<\/strong> et <strong>un accompagnement vers un changement durable<\/strong> comme l\u2019\u00e9nonce notre devise\u00a0:\u00a0<\/p>\n\n\n<div class=\"wp-block-image\"><figure class=\"alignleft size-large is-resized\"><img loading=\"lazy\" decoding=\"async\" src=\"https:\/\/mciprojets.com\/fr\/wp-content\/uploads\/2019\/09\/Slogan_couleur.png\" alt=\"\" class=\"wp-image-289\" width=\"388\" height=\"43\" srcset=\"https:\/\/mciprojets.com\/fr\/wp-content\/uploads\/2019\/09\/Slogan_couleur.png 516w, https:\/\/mciprojets.com\/fr\/wp-content\/uploads\/2019\/09\/Slogan_couleur-300x33.png 300w\" sizes=\"(max-width: 388px) 100vw, 388px\" \/><\/figure><\/div>\n\n\n\n<div class=\"wp-block-button alignright\"><a class=\"wp-block-button__link has-vivid-green-cyan-background-color has-background\" href=\"https:\/\/mciprojets.com\/fr\/\">Haut de page<\/a><\/div>\n","protected":false},"excerpt":{"rendered":"<p>English MCI vous accompagne dans la planification, la gestion, le d\u00e9veloppement, la r\u00e9alisation et la livraison de vos projets depuis 1997. Nous avons des solutions adapt\u00e9es en gestion de projets, gestion du changement organisationnel et tous les autres r\u00f4les en livraison de projets (analyste d\u2019affaire, analyste fonctionnel, architecte d\u2019entreprise, int\u00e9grateur de solution\u2026). MCI est un partenaire d\u2019expertise, de support et &hellip; <\/p>\n","protected":false},"author":2,"featured_media":0,"parent":0,"menu_order":0,"comment_status":"closed","ping_status":"closed","template":"","meta":{"footnotes":""},"_links":{"self":[{"href":"https:\/\/mciprojets.com\/fr\/wp-json\/wp\/v2\/pages\/8"}],"collection":[{"href":"https:\/\/mciprojets.com\/fr\/wp-json\/wp\/v2\/pages"}],"about":[{"href":"https:\/\/mciprojets.com\/fr\/wp-json\/wp\/v2\/types\/page"}],"author":[{"embeddable":true,"href":"https:\/\/mciprojets.com\/fr\/wp-json\/wp\/v2\/users\/2"}],"replies":[{"embeddable":true,"href":"https:\/\/mciprojets.com\/fr\/wp-json\/wp\/v2\/comments?post=8"}],"version-history":[{"count":20,"href":"https:\/\/mciprojets.com\/fr\/wp-json\/wp\/v2\/pages\/8\/revisions"}],"predecessor-version":[{"id":444,"href":"https:\/\/mciprojets.com\/fr\/wp-json\/wp\/v2\/pages\/8\/revisions\/444"}],"wp:attachment":[{"href":"https:\/\/mciprojets.com\/fr\/wp-json\/wp\/v2\/media?parent=8"}],"curies":[{"name":"wp","href":"https:\/\/api.w.org\/{rel}","templated":true}]}}