{"id":9,"date":"2019-03-29T14:39:07","date_gmt":"2019-03-29T14:39:07","guid":{"rendered":"https:\/\/mciprojets.com\/fr\/?page_id=9"},"modified":"2021-07-20T10:24:06","modified_gmt":"2021-07-20T14:24:06","slug":"a-propos","status":"publish","type":"page","link":"https:\/\/mciprojets.com\/fr\/a-propos\/","title":{"rendered":"\u00c0 propos"},"content":{"rendered":"<p>\u00c0 propos | <a href=\"https:\/\/mciprojets.com\/fr\/histoire\/\">Histoire<\/a> | <a href=\"https:\/\/mciprojets.com\/fr\/lequipe\/\">L&rsquo;\u00e9quipe<\/a> | <a href=\"https:\/\/mciprojets.com\/fr\/mission-et-vision\">Mission &amp; vision<\/a> |&nbsp;<a href=\"https:\/\/mciprojets.com\/en\/about\/\">English<\/a><\/p>\n\n\n<div class=\"wp-block-image\"><figure class=\"aligncenter is-resized\"><img loading=\"lazy\" decoding=\"async\" src=\"https:\/\/mciprojets.com\/fr\/wp-content\/uploads\/2019\/07\/shutterstock_635532101-1024x512.jpg\" alt=\"\" class=\"wp-image-160\" width=\"662\" height=\"331\" srcset=\"https:\/\/mciprojets.com\/fr\/wp-content\/uploads\/2019\/07\/shutterstock_635532101-1024x512.jpg 1024w, https:\/\/mciprojets.com\/fr\/wp-content\/uploads\/2019\/07\/shutterstock_635532101-300x150.jpg 300w, https:\/\/mciprojets.com\/fr\/wp-content\/uploads\/2019\/07\/shutterstock_635532101-768x384.jpg 768w\" sizes=\"(max-width: 662px) 100vw, 662px\" \/><\/figure><\/div>\n\n\n<p>Fond\u00e9 en 1997, MCI est une firme sp\u00e9cialis\u00e9e dans l\u2019accompagnement de projets de toutes tailles. Nos domaines de pr\u00e9dilection sont la <strong>Gestion de Projets<\/strong>, la<strong> Gestion du Changement Organisationnel<\/strong> et tous les autres r\u00f4les en livraison de projets (analyste d\u2019affaire, analyste fonctionnel, architecte d\u2019entreprise, int\u00e9grateur de solution\u2026). Nous collaborons avec vous pour assurer une livraison de projets de fa\u00e7on harmonieuse en respectant les d\u00e9lais, l\u2019envergure, la qualit\u00e9, les budgets et la dynamique d\u2019\u00e9quipe.<\/p>\n<p>Au cours des derni\u00e8res ann\u00e9es, nos professionnels ont apport\u00e9 leur support dans des projets de diverses natures\u00a0:<\/p>\n<p><strong>Gestion de projets<\/strong><\/p>\n<ul>\n<li>Mise en place et \u00e9volution du PMO corporatifs et TI (Cadre, M\u00e9thodologies, outils\u2026)<\/li>\n<li>Configuration \/ D\u00e9ploiement de logiciels ERP (SAP, JDE, PeopleSoft)<\/li>\n<li>D\u00e9veloppement \/ D\u00e9ploiement de progiciels<\/li>\n<li>D\u00e9ploiement d\u2019infrastructures technologiques sur plusieurs continents<\/li>\n<li>Mises \u00e0 jour d\u2019infrastructures technologiques (mat\u00e9riels et logiciels)<\/li>\n<li>M\u00e9thodologies et am\u00e9lioration des processus<\/li>\n<li>Certification Sarbanes-Oxley (SOX), ITGI-Cobit<\/li>\n<\/ul>\n<p><strong>Gestion du changement organisationnel<\/strong><\/p>\n<ul>\n<li>Gestion du changement organisationnel (Changement, Communications, Formation)<\/li>\n<li>D\u00e9veloppement, logistique et livraison de la formation<\/li>\n<li>R\u00e9ing\u00e9nierie de processus d\u2019affaires<\/li>\n<li>Transformation organisationnelle<\/li>\n<li>Coaching en strat\u00e9gie d\u2019affaires<\/li>\n<\/ul>\n<p><strong>Architecture et analyses<\/strong><\/p>\n<ul>\n<li>Architecture d\u2019entreprises et d\u2019affaires<\/li>\n<li>Analyse d\u2019affaires, de processus et fonctionnelles<\/li>\n<li>Diagnostics et \u00e9tudes strat\u00e9giques de natures diverses<\/li>\n<\/ul>\n<p>Nos sp\u00e9cialistes et nos conseillers apporteront une valeur ajout\u00e9e pour votre organisation par le partage de leurs connaissances et leurs exp\u00e9riences afin de contribuer \u00e0 la r\u00e9alisation du succ\u00e8s de vos projets. Notre devise est de\u00a0<strong>livrer et changer sans perdre le Nord.<\/strong><\/p>\n<p>Le nombre d\u2019ann\u00e9es d\u2019exp\u00e9rience de notre \u00e9quipe, l\u2019expertise diversifi\u00e9e, la flexibilit\u00e9 et la rigueur sont quelques-uns des facteurs importants qui contribuent \u00e0 r\u00e9duire les risques dans la livraison des projets. Ajoutez \u00e0 cela la collaboration et le partage des savoirs entre nos professionnels, vous avez l\u2019\u00e9quipe id\u00e9ale pour mener vos projets les plus complexes et d\u00e9licats \u00e0 terme. Nous supportons chacun de nos experts dans une livraison impeccable de vos objectifs!<\/p>\n<p>\u00a0<\/p>\n<p>Laissez-nous \u00eatre votre boussole!\u00a0 \u00a0 \u00a0 \u00a0 <img loading=\"lazy\" decoding=\"async\" class=\"alignnone  wp-image-129\" src=\"https:\/\/mciprojets.com\/fr\/wp-content\/uploads\/2019\/07\/Boussole-verte-300x300.png\" alt=\"\" width=\"44\" height=\"44\" srcset=\"https:\/\/mciprojets.com\/fr\/wp-content\/uploads\/2019\/07\/Boussole-verte-300x300.png 300w, https:\/\/mciprojets.com\/fr\/wp-content\/uploads\/2019\/07\/Boussole-verte-150x150.png 150w, https:\/\/mciprojets.com\/fr\/wp-content\/uploads\/2019\/07\/Boussole-verte.png 528w\" sizes=\"(max-width: 44px) 100vw, 44px\" \/><\/p>\n\n\n<div class=\"wp-block-button alignright\"><a class=\"wp-block-button__link has-vivid-green-cyan-background-color has-background\" href=\"https:\/\/mciprojets.com\/fr\/a-propos\/\">Haut de page<\/a><\/div>\n","protected":false},"excerpt":{"rendered":"<p>\u00c0 propos | Histoire | L&rsquo;\u00e9quipe | Mission &amp; vision |&nbsp;English Fond\u00e9 en 1997, MCI est une firme sp\u00e9cialis\u00e9e dans l\u2019accompagnement de projets de toutes tailles. Nos domaines de pr\u00e9dilection sont la Gestion de Projets, la Gestion du Changement Organisationnel et tous les autres r\u00f4les en livraison de projets (analyste d\u2019affaire, analyste fonctionnel, architecte d\u2019entreprise, int\u00e9grateur de solution\u2026). Nous collaborons &hellip; <\/p>\n","protected":false},"author":2,"featured_media":0,"parent":0,"menu_order":0,"comment_status":"closed","ping_status":"closed","template":"","meta":{"footnotes":""},"_links":{"self":[{"href":"https:\/\/mciprojets.com\/fr\/wp-json\/wp\/v2\/pages\/9"}],"collection":[{"href":"https:\/\/mciprojets.com\/fr\/wp-json\/wp\/v2\/pages"}],"about":[{"href":"https:\/\/mciprojets.com\/fr\/wp-json\/wp\/v2\/types\/page"}],"author":[{"embeddable":true,"href":"https:\/\/mciprojets.com\/fr\/wp-json\/wp\/v2\/users\/2"}],"replies":[{"embeddable":true,"href":"https:\/\/mciprojets.com\/fr\/wp-json\/wp\/v2\/comments?post=9"}],"version-history":[{"count":20,"href":"https:\/\/mciprojets.com\/fr\/wp-json\/wp\/v2\/pages\/9\/revisions"}],"predecessor-version":[{"id":473,"href":"https:\/\/mciprojets.com\/fr\/wp-json\/wp\/v2\/pages\/9\/revisions\/473"}],"wp:attachment":[{"href":"https:\/\/mciprojets.com\/fr\/wp-json\/wp\/v2\/media?parent=9"}],"curies":[{"name":"wp","href":"https:\/\/api.w.org\/{rel}","templated":true}]}}