{"id":98,"date":"2019-07-05T09:27:23","date_gmt":"2019-07-05T13:27:23","guid":{"rendered":"https:\/\/mciprojets.com\/fr\/?page_id=98"},"modified":"2020-07-08T10:40:56","modified_gmt":"2020-07-08T14:40:56","slug":"gestion-de-projets","status":"publish","type":"page","link":"https:\/\/mciprojets.com\/fr\/gestion-de-projets\/","title":{"rendered":"Gestion de projets"},"content":{"rendered":"<p><a href=\"https:\/\/mciprojets.com\/fr\/nos-services\/\">Nos services<\/a>\u00a0| <a href=\"https:\/\/mciprojets.com\/fr\/en-bref\/\">En bref<\/a> | Gestion de projets | <a href=\"https:\/\/mciprojets.com\/fr\/gestion-du-changement\/\">Gestion du changement<\/a> | <a href=\"https:\/\/mciprojets.com\/fr\/autres-roles\/\">Livraison de projets<\/a> | <a href=\"https:\/\/mciprojets.com\/en\/project-management\/\">English<\/a><\/p>\n\n\n<div class=\"wp-block-media-text alignwide\" style=\"grid-template-columns:43% auto\"><figure class=\"wp-block-media-text__media\"><img loading=\"lazy\" decoding=\"async\" width=\"1024\" height=\"726\" src=\"https:\/\/mciprojets.com\/fr\/wp-content\/uploads\/2019\/07\/shutterstock_734184223-1024x726.jpg\" alt=\"\" class=\"wp-image-184\" srcset=\"https:\/\/mciprojets.com\/fr\/wp-content\/uploads\/2019\/07\/shutterstock_734184223-1024x726.jpg 1024w, https:\/\/mciprojets.com\/fr\/wp-content\/uploads\/2019\/07\/shutterstock_734184223-300x213.jpg 300w, https:\/\/mciprojets.com\/fr\/wp-content\/uploads\/2019\/07\/shutterstock_734184223-768x544.jpg 768w\" sizes=\"(max-width: 1024px) 100vw, 1024px\" \/><\/figure><div class=\"wp-block-media-text__content\">\n<p>Nos services en gestion de projets vont de la gestion sp\u00e9cifique d\u2019un ou des projets \/ programmes \u00e0 la mise en place d\u2019un bureau de projet (PMO). Nos experts vous accompagnent aussi bien dans la r\u00e9flexion strat\u00e9gique de vos projets organisationnels qu\u2019\u00e0 l\u2019op\u00e9rationnalisation et contr\u00f4le de la qualit\u00e9 de la livraison des projets. <br><br> <\/p>\n\n\n\n<p>Voici un bref aper\u00e7u de nos professionnels :<\/p>\n\n\n\n<ul><li><strong>Gestion de projets&nbsp;: <\/strong>chef de projets \/ programmes (PM), coordonnateur de projets. <\/li><li><strong>Planification et suivi de projets&nbsp;: <em>P<\/em><\/strong><em>roject <strong>C<\/strong>ontrol <strong>O<\/strong>fficer <\/em>(PCO)<em>.<\/em> <\/li><li><strong>Portfolio<\/strong>&nbsp;: gestionnaire de portfolio. <\/li><li><strong>Mise en place de bureau de projet corporatif et T<\/strong>.I.<\/li><li><strong>Sp\u00e9cialiste en m\u00e9thodologies et en outils de gestion de projets <\/strong>(MsProject, EPM, SAP, Primavera)<\/li><\/ul>\n<\/div><\/div>\n\n\n<p>Peu importe la m\u00e9thodologie utilis\u00e9e (<em>Waterfall<\/em>, Agile, Kanban, etc.), notre expertise et notre savoir-faire nous permettent de vous accompagner dans vos projets \/ programmes pour :<\/p>\n<ul>\n<li>La gestion et la s\u00e9lection des \u00e9quipes;<\/li>\n<li>La d\u00e9finition ainsi que la justification strat\u00e9gique et financi\u00e8re des projets;<\/li>\n<li>L\u2019estimation des efforts, du budget et du nombre de ressources;<\/li>\n<li>Le suivi et contr\u00f4le des budgets;<\/li>\n<li>L\u2019\u00e9laboration et le suivi de plans de projets adapt\u00e9s \u00e0 votre r\u00e9alit\u00e9 op\u00e9rationnelle;<\/li>\n<li>L\u2019identification des activit\u00e9s-cl\u00e9s requises pour le succ\u00e8s du projet;<\/li>\n<li>L\u2019assurance qualit\u00e9 des livrables;<\/li>\n<li>La d\u00e9finition des crit\u00e8res de succ\u00e8s du projet;<\/li>\n<li>La gestion des risques et des enjeux;<\/li>\n<li>La mise en place et la gestion des processus d\u2019approbation;<\/li>\n<li>La d\u00e9finition du p\u00e9rim\u00e8tre du projets;<\/li>\n<li>L\u2019implantation d\u2019un bureau de projet (PMO);<\/li>\n<li>L\u2019\u00e9laboration d\u2019une m\u00e9thodologie organisationnelle en gestion de projets;<\/li>\n<li>etc.<\/li>\n<\/ul>\n<p>Nos experts seront avec vous, selon vos besoins, du d\u00e9but \u00e0 la fin de tous vos projets. Nous maintenons un suivi fr\u00e9quent avec nos clients et nos experts pour nous assurer de la satisfaction constante de nos clients.<\/p>\n<p>Notre devise<strong>&nbsp;: livrer et changer sans perdre le Nord!<\/strong><\/p>\n\n\n<div class=\"wp-block-button alignright\"><a class=\"wp-block-button__link has-background has-vivid-green-cyan-background-color\" href=\"https:\/\/mciprojets.com\/fr\/gestion-de-projets\/\">Haut de page<\/a><\/div>\n","protected":false},"excerpt":{"rendered":"<p>Nos services\u00a0| En bref | Gestion de projets | Gestion du changement | Livraison de projets | English Nos services en gestion de projets vont de la gestion sp\u00e9cifique d\u2019un ou des projets \/ programmes \u00e0 la mise en place d\u2019un bureau de projet (PMO). Nos experts vous accompagnent aussi bien dans la r\u00e9flexion strat\u00e9gique de vos projets organisationnels qu\u2019\u00e0 &hellip; <\/p>\n","protected":false},"author":2,"featured_media":0,"parent":0,"menu_order":0,"comment_status":"closed","ping_status":"closed","template":"","meta":{"footnotes":""},"_links":{"self":[{"href":"https:\/\/mciprojets.com\/fr\/wp-json\/wp\/v2\/pages\/98"}],"collection":[{"href":"https:\/\/mciprojets.com\/fr\/wp-json\/wp\/v2\/pages"}],"about":[{"href":"https:\/\/mciprojets.com\/fr\/wp-json\/wp\/v2\/types\/page"}],"author":[{"embeddable":true,"href":"https:\/\/mciprojets.com\/fr\/wp-json\/wp\/v2\/users\/2"}],"replies":[{"embeddable":true,"href":"https:\/\/mciprojets.com\/fr\/wp-json\/wp\/v2\/comments?post=98"}],"version-history":[{"count":18,"href":"https:\/\/mciprojets.com\/fr\/wp-json\/wp\/v2\/pages\/98\/revisions"}],"predecessor-version":[{"id":405,"href":"https:\/\/mciprojets.com\/fr\/wp-json\/wp\/v2\/pages\/98\/revisions\/405"}],"wp:attachment":[{"href":"https:\/\/mciprojets.com\/fr\/wp-json\/wp\/v2\/media?parent=98"}],"curies":[{"name":"wp","href":"https:\/\/api.w.org\/{rel}","templated":true}]}}